{"id":1120,"date":"2022-02-23T10:52:39","date_gmt":"2022-02-23T13:52:39","guid":{"rendered":"http:\/\/panmetal.com.br\/site2021\/?page_id=1120"},"modified":"2023-10-03T18:09:13","modified_gmt":"2023-10-03T21:09:13","slug":"carreira","status":"publish","type":"page","link":"https:\/\/panmetal.com.br\/?page_id=1120","title":{"rendered":"Carreira"},"content":{"rendered":"\n<div class=\"alignfull\"><div id=\"metaslider-id-224\" style=\"width: 100%;\" class=\"ml-slider-3-104-0 metaslider metaslider-nivo metaslider-224 ml-slider ms-theme-default\" role=\"region\" aria-label=\"Carreira\">\n    <div id=\"metaslider_container_224\">\n        <div class='slider-wrapper theme-default'><div class='ribbon'><\/div><div id='metaslider_224' class='nivoSlider'><img loading=\"lazy\" decoding=\"async\" src=\"https:\/\/panmetal.com.br\/wp-content\/uploads\/2022\/02\/banner-carreira-correto-0x0.jpg\" height=\"0\" width=\"0\" title=\"banner-carreira-correto\" alt=\"\" class=\"slider-224 slide-2227 msDefaultImage\" \/><\/div><\/div>\n        \n    <\/div>\n<\/div><\/div>\n\n\n\n<\/div>\n\n\n\n<div class=\"wp-block-columns is-layout-flex wp-container-core-columns-is-layout-9d6595d7 wp-block-columns-is-layout-flex\">\n<div class=\"wp-block-column bg-carreira is-layout-flow wp-block-column-is-layout-flow\">\n<p class=\"has-text-align-center\">VOC\u00ca TAMB\u00c9M PODE ACOMPANHAR <br>NOSSAS VAGAS PELO LINKEDIN<\/p>\n\n\n\n<div class=\"wp-block-buttons is-content-justification-center is-layout-flex wp-container-core-buttons-is-layout-16018d1d wp-block-buttons-is-layout-flex\">\n<div class=\"wp-block-button\"><a class=\"wp-block-button__link wp-element-button\" href=\"https:\/\/br.linkedin.com\/company\/pan-metal-ind-metalurgica-ltda\" target=\"_blank\" rel=\"noreferrer noopener\">ACESSE<\/a><\/div>\n<\/div>\n<\/div>\n<\/div>\n\n\n\n<div class=\"stage\">\n\n\n\n<div style=\"height:30px\" aria-hidden=\"true\" class=\"wp-block-spacer\"><\/div>\n\n\n\n<div class=\"wp-block-columns is-layout-flex wp-container-core-columns-is-layout-9d6595d7 wp-block-columns-is-layout-flex\">\n<div class=\"wp-block-column is-layout-flow wp-block-column-is-layout-flow\"><div class=\"wp-block-image img-curriculo\">\n<figure class=\"alignleft size-full\"><img loading=\"lazy\" decoding=\"async\" width=\"397\" height=\"479\" src=\"http:\/\/panmetal.com.br\/wp-content\/uploads\/2022\/02\/curriculo.jpg\" alt=\"\" class=\"wp-image-1129\" srcset=\"https:\/\/panmetal.com.br\/wp-content\/uploads\/2022\/02\/curriculo.jpg 397w, https:\/\/panmetal.com.br\/wp-content\/uploads\/2022\/02\/curriculo-249x300.jpg 249w\" sizes=\"auto, (max-width: 397px) 100vw, 397px\" \/><\/figure>\n<\/div><\/div>\n\n\n\n<div class=\"wp-block-column stage-curriculo is-layout-flow wp-block-column-is-layout-flow\">\n<h3 class=\"wp-block-heading h2-padrao\" id=\"h-envie-seu-curriculo-para\">Envie seu curr\u00edculo para:<\/h3>\n\n\n\n<p class=\"has-normal-font-size\"><a href=\"mailto:recrutamento@panmetal.com.br\" target=\"_blank\" rel=\"noreferrer noopener\">recrutamento@panmetal.com.br<\/a><\/p>\n\n\n<\/div>\n<\/div>\n\n\n\n<p><\/p>\n","protected":false},"excerpt":{"rendered":"<p>VOC\u00ca TAMB\u00c9M PODE ACOMPANHAR NOSSAS VAGAS PELO LINKEDIN Envie seu curr\u00edculo para: recrutamento@panmetal.com.br<\/p>\n","protected":false},"author":1,"featured_media":0,"parent":0,"menu_order":0,"comment_status":"closed","ping_status":"closed","template":"","meta":{"footnotes":""},"class_list":["post-1120","page","type-page","status-publish","hentry","entry"],"yoast_head":"<!-- This site is optimized with the Yoast SEO Premium plugin v26.7 (Yoast SEO v26.8) - https:\/\/yoast.com\/product\/yoast-seo-premium-wordpress\/ -->\n<title>Carreira | PAN-METAL<\/title>\n<meta name=\"robots\" content=\"index, follow, max-snippet:-1, max-image-preview:large, max-video-preview:-1\" \/>\n<link rel=\"canonical\" href=\"https:\/\/panmetal.com.br\/?page_id=1120\" \/>\n<meta property=\"og:locale\" content=\"pt_BR\" \/>\n<meta property=\"og:type\" content=\"article\" \/>\n<meta property=\"og:title\" content=\"Carreira\" \/>\n<meta property=\"og:description\" content=\"VOC\u00ca TAMB\u00c9M PODE ACOMPANHAR NOSSAS VAGAS PELO LINKEDIN Envie seu curr\u00edculo para: recrutamento@panmetal.com.br\" \/>\n<meta property=\"og:url\" content=\"https:\/\/panmetal.com.br\/?page_id=1120\" \/>\n<meta property=\"og:site_name\" content=\"PAN-METAL\" \/>\n<meta property=\"article:modified_time\" content=\"2023-10-03T21:09:13+00:00\" \/>\n<meta property=\"og:image\" content=\"http:\/\/panmetal.com.br\/wp-content\/uploads\/2022\/02\/curriculo.jpg\" \/>\n<meta name=\"twitter:card\" content=\"summary_large_image\" \/>\n<meta name=\"twitter:label1\" content=\"Est. tempo de leitura\" \/>\n\t<meta name=\"twitter:data1\" content=\"1 minuto\" \/>\n<script type=\"application\/ld+json\" class=\"yoast-schema-graph\">{\"@context\":\"https:\/\/schema.org\",\"@graph\":[{\"@type\":\"WebPage\",\"@id\":\"https:\/\/panmetal.com.br\/?page_id=1120\",\"url\":\"https:\/\/panmetal.com.br\/?page_id=1120\",\"name\":\"Carreira | PAN-METAL\",\"isPartOf\":{\"@id\":\"https:\/\/panmetal.com.br\/#website\"},\"primaryImageOfPage\":{\"@id\":\"https:\/\/panmetal.com.br\/?page_id=1120#primaryimage\"},\"image\":{\"@id\":\"https:\/\/panmetal.com.br\/?page_id=1120#primaryimage\"},\"thumbnailUrl\":\"http:\/\/panmetal.com.br\/wp-content\/uploads\/2022\/02\/curriculo.jpg\",\"datePublished\":\"2022-02-23T13:52:39+00:00\",\"dateModified\":\"2023-10-03T21:09:13+00:00\",\"breadcrumb\":{\"@id\":\"https:\/\/panmetal.com.br\/?page_id=1120#breadcrumb\"},\"inLanguage\":\"pt-BR\",\"potentialAction\":[{\"@type\":\"ReadAction\",\"target\":[\"https:\/\/panmetal.com.br\/?page_id=1120\"]}]},{\"@type\":\"ImageObject\",\"inLanguage\":\"pt-BR\",\"@id\":\"https:\/\/panmetal.com.br\/?page_id=1120#primaryimage\",\"url\":\"https:\/\/panmetal.com.br\/wp-content\/uploads\/2022\/02\/curriculo.jpg\",\"contentUrl\":\"https:\/\/panmetal.com.br\/wp-content\/uploads\/2022\/02\/curriculo.jpg\",\"width\":397,\"height\":479},{\"@type\":\"BreadcrumbList\",\"@id\":\"https:\/\/panmetal.com.br\/?page_id=1120#breadcrumb\",\"itemListElement\":[{\"@type\":\"ListItem\",\"position\":1,\"name\":\"Home\",\"item\":\"https:\/\/panmetal.com.br\/\"},{\"@type\":\"ListItem\",\"position\":2,\"name\":\"Carreira\"}]},{\"@type\":\"WebSite\",\"@id\":\"https:\/\/panmetal.com.br\/#website\",\"url\":\"https:\/\/panmetal.com.br\/\",\"name\":\"PAN-METAL\",\"description\":\"\",\"publisher\":{\"@id\":\"https:\/\/panmetal.com.br\/#organization\"},\"potentialAction\":[{\"@type\":\"SearchAction\",\"target\":{\"@type\":\"EntryPoint\",\"urlTemplate\":\"https:\/\/panmetal.com.br\/?s={search_term_string}\"},\"query-input\":{\"@type\":\"PropertyValueSpecification\",\"valueRequired\":true,\"valueName\":\"search_term_string\"}}],\"inLanguage\":\"pt-BR\"},{\"@type\":\"Organization\",\"@id\":\"https:\/\/panmetal.com.br\/#organization\",\"name\":\"PAN-METAL\",\"url\":\"https:\/\/panmetal.com.br\/\",\"logo\":{\"@type\":\"ImageObject\",\"inLanguage\":\"pt-BR\",\"@id\":\"https:\/\/panmetal.com.br\/#\/schema\/logo\/image\/\",\"url\":\"https:\/\/panmetal.com.br\/wp-content\/uploads\/2021\/05\/logo-pan-metal-taubate.png\",\"contentUrl\":\"https:\/\/panmetal.com.br\/wp-content\/uploads\/2021\/05\/logo-pan-metal-taubate.png\",\"width\":264,\"height\":180,\"caption\":\"PAN-METAL\"},\"image\":{\"@id\":\"https:\/\/panmetal.com.br\/#\/schema\/logo\/image\/\"}}]}<\/script>\n<!-- \/ Yoast SEO Premium plugin. -->","yoast_head_json":{"title":"Carreira | PAN-METAL","robots":{"index":"index","follow":"follow","max-snippet":"max-snippet:-1","max-image-preview":"max-image-preview:large","max-video-preview":"max-video-preview:-1"},"canonical":"https:\/\/panmetal.com.br\/?page_id=1120","og_locale":"pt_BR","og_type":"article","og_title":"Carreira","og_description":"VOC\u00ca TAMB\u00c9M PODE ACOMPANHAR NOSSAS VAGAS PELO LINKEDIN Envie seu curr\u00edculo para: recrutamento@panmetal.com.br","og_url":"https:\/\/panmetal.com.br\/?page_id=1120","og_site_name":"PAN-METAL","article_modified_time":"2023-10-03T21:09:13+00:00","og_image":[{"url":"http:\/\/panmetal.com.br\/wp-content\/uploads\/2022\/02\/curriculo.jpg","type":"","width":"","height":""}],"twitter_card":"summary_large_image","twitter_misc":{"Est. tempo de leitura":"1 minuto"},"schema":{"@context":"https:\/\/schema.org","@graph":[{"@type":"WebPage","@id":"https:\/\/panmetal.com.br\/?page_id=1120","url":"https:\/\/panmetal.com.br\/?page_id=1120","name":"Carreira | PAN-METAL","isPartOf":{"@id":"https:\/\/panmetal.com.br\/#website"},"primaryImageOfPage":{"@id":"https:\/\/panmetal.com.br\/?page_id=1120#primaryimage"},"image":{"@id":"https:\/\/panmetal.com.br\/?page_id=1120#primaryimage"},"thumbnailUrl":"http:\/\/panmetal.com.br\/wp-content\/uploads\/2022\/02\/curriculo.jpg","datePublished":"2022-02-23T13:52:39+00:00","dateModified":"2023-10-03T21:09:13+00:00","breadcrumb":{"@id":"https:\/\/panmetal.com.br\/?page_id=1120#breadcrumb"},"inLanguage":"pt-BR","potentialAction":[{"@type":"ReadAction","target":["https:\/\/panmetal.com.br\/?page_id=1120"]}]},{"@type":"ImageObject","inLanguage":"pt-BR","@id":"https:\/\/panmetal.com.br\/?page_id=1120#primaryimage","url":"https:\/\/panmetal.com.br\/wp-content\/uploads\/2022\/02\/curriculo.jpg","contentUrl":"https:\/\/panmetal.com.br\/wp-content\/uploads\/2022\/02\/curriculo.jpg","width":397,"height":479},{"@type":"BreadcrumbList","@id":"https:\/\/panmetal.com.br\/?page_id=1120#breadcrumb","itemListElement":[{"@type":"ListItem","position":1,"name":"Home","item":"https:\/\/panmetal.com.br\/"},{"@type":"ListItem","position":2,"name":"Carreira"}]},{"@type":"WebSite","@id":"https:\/\/panmetal.com.br\/#website","url":"https:\/\/panmetal.com.br\/","name":"PAN-METAL","description":"","publisher":{"@id":"https:\/\/panmetal.com.br\/#organization"},"potentialAction":[{"@type":"SearchAction","target":{"@type":"EntryPoint","urlTemplate":"https:\/\/panmetal.com.br\/?s={search_term_string}"},"query-input":{"@type":"PropertyValueSpecification","valueRequired":true,"valueName":"search_term_string"}}],"inLanguage":"pt-BR"},{"@type":"Organization","@id":"https:\/\/panmetal.com.br\/#organization","name":"PAN-METAL","url":"https:\/\/panmetal.com.br\/","logo":{"@type":"ImageObject","inLanguage":"pt-BR","@id":"https:\/\/panmetal.com.br\/#\/schema\/logo\/image\/","url":"https:\/\/panmetal.com.br\/wp-content\/uploads\/2021\/05\/logo-pan-metal-taubate.png","contentUrl":"https:\/\/panmetal.com.br\/wp-content\/uploads\/2021\/05\/logo-pan-metal-taubate.png","width":264,"height":180,"caption":"PAN-METAL"},"image":{"@id":"https:\/\/panmetal.com.br\/#\/schema\/logo\/image\/"}}]}},"lang":"pt","translations":{"pt":1120},"pll_sync_post":[],"_links":{"self":[{"href":"https:\/\/panmetal.com.br\/index.php?rest_route=\/wp\/v2\/pages\/1120","targetHints":{"allow":["GET"]}}],"collection":[{"href":"https:\/\/panmetal.com.br\/index.php?rest_route=\/wp\/v2\/pages"}],"about":[{"href":"https:\/\/panmetal.com.br\/index.php?rest_route=\/wp\/v2\/types\/page"}],"author":[{"embeddable":true,"href":"https:\/\/panmetal.com.br\/index.php?rest_route=\/wp\/v2\/users\/1"}],"replies":[{"embeddable":true,"href":"https:\/\/panmetal.com.br\/index.php?rest_route=%2Fwp%2Fv2%2Fcomments&post=1120"}],"version-history":[{"count":37,"href":"https:\/\/panmetal.com.br\/index.php?rest_route=\/wp\/v2\/pages\/1120\/revisions"}],"predecessor-version":[{"id":2404,"href":"https:\/\/panmetal.com.br\/index.php?rest_route=\/wp\/v2\/pages\/1120\/revisions\/2404"}],"wp:attachment":[{"href":"https:\/\/panmetal.com.br\/index.php?rest_route=%2Fwp%2Fv2%2Fmedia&parent=1120"}],"curies":[{"name":"wp","href":"https:\/\/api.w.org\/{rel}","templated":true}]}}